{"id":90,"date":"2013-06-07T11:35:18","date_gmt":"2013-06-07T08:35:18","guid":{"rendered":"http:\/\/demo2.woothemes.com\/woocommerce\/?post_type=product&#038;p=90"},"modified":"2023-12-04T17:41:32","modified_gmt":"2023-12-04T14:41:32","slug":"%d1%81%d0%b2%d0%b5%d1%87%d0%b8-%d0%bd%d0%b0-%d0%be%d1%81%d0%bd%d0%be%d0%b2%d0%b5-%d1%84%d0%b8%d1%82%d0%be%d1%80%d0%b0-%d1%81-%d0%ba%d1%80%d0%be%d0%bf%d0%b8%d0%b2%d0%be%d0%b9","status":"publish","type":"product","link":"https:\/\/bio-vita.com.ua\/fr\/product\/%d1%81%d0%b2%d0%b5%d1%87%d0%b8-%d0%bd%d0%b0-%d0%be%d1%81%d0%bd%d0%be%d0%b2%d0%b5-%d1%84%d0%b8%d1%82%d0%be%d1%80%d0%b0-%d1%81-%d0%ba%d1%80%d0%be%d0%bf%d0%b8%d0%b2%d0%be%d0%b9\/","title":{"rendered":"Bougies \u00e0 la base de phitor \u00e0 l&#039;ortie"},"content":{"rendered":"<p><strong><em>UTILISATION: produit hygi\u00e9nique et pr\u00e9ventif utlils\u00e9 dans le traitement complexe.<\/em><\/strong><\/p>\n<p>En PROCTOLOGIE: lors des maladies inflammatoires intestinales (h\u00e9morro\u00efde saignant, rectite, colite, fissures anales, sigmo\u00efdites, atonies).<\/p>\n<p>En GYNECOLOGIE: vaginites de l&rsquo;\u00e9tiologie diff\u00e9rente, \u00e9rosions du col de l&rsquo;ut\u00e9rus, annexites, produit de cicatrisation des plaies, pour renforcer les parois des vaisseaux dans les processus inflammatoires, produit h\u00e9mostatique.<\/p>\n<p>En UROLOGIE: cystites, prostatites, ur\u00e9trites.<\/p>\n<p>COMPOSITION: phitorum, extrait d&rsquo;ortis; excipients: PEG 1500; PEG 6000; lanoline; 1,2-propyl\u00e8ne glycol.<\/p>\n","protected":false},"excerpt":{"rendered":"<p>\u0421\u0432\u0435\u0447\u0438 \u043d\u0430 \u043e\u0441\u043d\u043e\u0432\u0435 \u0444\u0438\u0442\u043e\u0440\u0430 \u0441 \u043a\u0440\u043e\u043f\u0438\u0432\u043e\u0439 \u043e\u0431\u043b\u0430\u0434\u0430\u044e\u0442 \u043a\u0440\u043e\u0432\u043e\u043e\u0441\u0442\u0430\u043d\u0430\u0432\u043b\u0438\u0432\u0430\u044e\u0449\u0438\u043c\u0438, \u0431\u043e\u043b\u0435- \u0438 \u0436\u0430\u0440\u043e\u0443\u0442\u043e\u043b\u044f\u044e\u0449\u0438\u043c\u0438, \u0438\u043c\u043c\u0443\u043d\u043e\u043c\u043e\u0434\u0443\u043b\u0438\u0440\u0443\u044e\u0449\u0438\u043c\u0438, \u0431\u0430\u043a\u0442\u0435\u0440\u0438\u0446\u0438\u0434\u043d\u044b\u043c\u0438 \u0441\u0432\u043e\u0439\u0441\u0442\u0432\u0430\u043c\u0438. \u041f\u043e\u043c\u043e\u0433\u0430\u044e\u0442 \u0432\u043e\u0441\u0441\u0442\u0430\u043d\u0430\u0432\u0438\u0442\u044c \u043e\u0431\u043c\u0435\u043d \u0432\u0435\u0449\u0435\u0441\u0442\u0432 \u0438 \u043a\u0440\u043e\u0432\u043e\u043e\u0431\u0440\u0430\u0449\u0435\u043d\u0438\u0435. \u0412\u044b\u043f\u043e\u043b\u043d\u044f\u044e\u0442 \u0440\u0435\u043f\u0430\u0440\u0430\u0442\u0438\u0432\u043d\u0443\u044e \u0444\u0443\u043d\u043a\u0446\u0438\u044e. \u0414\u0430\u043d\u043d\u044b\u0435 \u0441\u0432\u0435\u0447\u0438 \u044f\u0432\u043b\u044f\u044e\u0442\u0441\u044f \u0434\u043e\u043f\u043e\u043b\u043d\u0435\u043d\u0438\u0435\u043c \u043a \u043a\u043e\u043c\u043f\u043b\u0435\u043a\u0441\u043d\u043e\u0439 \u0442\u0435\u0440\u0430\u043f\u0438\u0438. \u041a\u0440\u0430\u043f\u0438\u0432\u0430 \u043e\u043a\u0430\u0437\u044b\u0432\u0430\u0435\u0442 \u043a\u0440\u043e\u0432\u043e\u043e\u0441\u0442\u0430\u043d\u0430\u0432\u043b\u0438\u0432\u0430\u044e\u0449\u0438\u0439 \u0438 \u0440\u0430\u043d\u043e\u0437\u0430\u0436\u0438\u0432\u043b\u044f\u044e\u0449\u0438\u0439 \u044d\u0444\u0444\u0435\u043a\u0442.<\/p>\n","protected":false},"featured_media":22524,"template":"","meta":[],"product_brand":[],"product_cat":[27],"product_tag":[49,52,54,55,53,51],"class_list":{"0":"post-90","1":"product","2":"type-product","3":"status-publish","4":"has-post-thumbnail","6":"product_cat-suppositories","7":"product_tag-49","8":"product_tag-52","9":"product_tag-54","10":"product_tag-55","11":"product_tag-53","12":"product_tag-51","14":"first","15":"instock","16":"shipping-taxable","17":"purchasable","18":"product-type-simple"},"_links":{"self":[{"href":"https:\/\/bio-vita.com.ua\/fr\/wp-json\/wp\/v2\/product\/90","targetHints":{"allow":["GET"]}}],"collection":[{"href":"https:\/\/bio-vita.com.ua\/fr\/wp-json\/wp\/v2\/product"}],"about":[{"href":"https:\/\/bio-vita.com.ua\/fr\/wp-json\/wp\/v2\/types\/product"}],"wp:featuredmedia":[{"embeddable":true,"href":"https:\/\/bio-vita.com.ua\/fr\/wp-json\/wp\/v2\/media\/22524"}],"wp:attachment":[{"href":"https:\/\/bio-vita.com.ua\/fr\/wp-json\/wp\/v2\/media?parent=90"}],"wp:term":[{"taxonomy":"product_brand","embeddable":true,"href":"https:\/\/bio-vita.com.ua\/fr\/wp-json\/wp\/v2\/product_brand?post=90"},{"taxonomy":"product_cat","embeddable":true,"href":"https:\/\/bio-vita.com.ua\/fr\/wp-json\/wp\/v2\/product_cat?post=90"},{"taxonomy":"product_tag","embeddable":true,"href":"https:\/\/bio-vita.com.ua\/fr\/wp-json\/wp\/v2\/product_tag?post=90"}],"curies":[{"name":"wp","href":"https:\/\/api.w.org\/{rel}","templated":true}]}}