{"id":83,"date":"2013-06-07T11:33:05","date_gmt":"2013-06-07T08:33:05","guid":{"rendered":"http:\/\/demo2.woothemes.com\/woocommerce\/?post_type=product&#038;p=83"},"modified":"2023-12-04T17:41:57","modified_gmt":"2023-12-04T14:41:57","slug":"%d1%81%d1%80%d0%b5%d0%b4%d1%81%d1%82%d0%b2%d0%be-%d1%84%d0%b8%d1%82%d0%be%d1%80%d0%be%d0%b2%d0%be%d0%b5-%d0%b2-%d1%84%d0%be%d1%80%d0%bc%d0%b5-%d1%84%d0%b8%d1%82%d0%be%d1%81%d0%b2%d0%b5%d1%87%d0%b5","status":"publish","type":"product","link":"https:\/\/bio-vita.com.ua\/fr\/product\/%d1%81%d1%80%d0%b5%d0%b4%d1%81%d1%82%d0%b2%d0%be-%d1%84%d0%b8%d1%82%d0%be%d1%80%d0%be%d0%b2%d0%be%d0%b5-%d0%b2-%d1%84%d0%be%d1%80%d0%bc%d0%b5-%d1%84%d0%b8%d1%82%d0%be%d1%81%d0%b2%d0%b5%d1%87%d0%b5\/","title":{"rendered":"Bougies \u00e0 la base de phitor"},"content":{"rendered":"<p><strong><em>UTILISATION: produit hygi\u00e9nique et pr\u00e9ventif utlils\u00e9 dans le traitement complexe.<\/em><\/strong><\/p>\n<p>En PROCTOLOGIE: lors des maladies inflammatoires intestinales (h\u00e9morro\u00efde, rectite, colite, fissures anales, sigmo\u00efdites).<\/p>\n<p>En GYNECOLOGIE: vaginites de l&rsquo;\u00e9tiologie diff\u00e9rente, \u00e9rosions du col de l&rsquo;ut\u00e9rus, annexites, produit de cicatrisation des plaies.<\/p>\n<p>En UROLOGIE: cystites, prostatites, ur\u00e9trites.<\/p>\n<p>COMPOSITION: phitorum; excipients: PEG 1500; PEG 6000; lanoline; 1,2-propyl\u00e8ne glycol.<\/p>\n","protected":false},"excerpt":{"rendered":"<p>\u0417\u0430\u0441\u0456\u0431 \u043d\u0430 \u043e\u0441\u043d\u043e\u0432\u0456 \u0440\u043e\u0441\u043b\u0438\u043d\u043d\u043e\u0457 \u0441\u0438\u0440\u043e\u0432\u0438\u043d\u0438 \u0437 \u043a\u043e\u043c\u043f\u043b\u0435\u043a\u0441\u043d\u043e\u044e \u0434\u0456\u0454\u044e, \u043e\u0431\u0443\u043c\u043e\u0432\u043b\u0435\u043d\u043e\u044e \u0431\u0430\u0433\u0430\u0442\u043e\u0432\u0435\u043a\u0442\u043e\u0440\u043d\u043e\u044e \u0430\u043a\u0442\u0438\u0432\u043d\u0456\u0441\u0442\u044e \u0431\u0456\u043e\u043b\u043e\u0433\u0456\u0447\u043d\u043e \u0430\u043a\u0442\u0438\u0432\u043d\u0438\u0445 \u0440\u0435\u0447\u043e\u0432\u0438\u043d, \u044f\u043a\u0456 \u043d\u0430\u044f\u0432\u043d\u0456 \u0432 \u0441\u043a\u043b\u0430\u0434\u0456 \u0437\u0430\u0441\u043e\u0431\u0443 (\u0444\u0456\u0442\u043e\u0441\u0432\u0456\u0447\u043e\u043a). \u0417\u0434\u0456\u0439\u0441\u043d\u044e\u0454 \u043f\u0440\u043e\u0442\u0438\u0437\u0430\u043f\u0430\u043b\u044c\u043d\u0443, \u0456\u043c\u0443\u043d\u043e\u043c\u043e\u0434\u0443\u043b\u044e\u044e\u0447\u0443, \u0430\u043d\u0442\u0438\u0435\u043a\u0441\u0443\u0434\u0430\u0442\u0438\u0432\u043d\u0443 (\u043f\u0440\u043e\u0442\u0438\u043d\u0430\u0431\u0440\u044f\u043a\u043e\u0432\u0443), \u0440\u0435\u043f\u0430\u0440\u0430\u0442\u0438\u0432\u043d\u0443 (\u0440\u0430\u043d\u043e\u0437\u0430\u0433\u043e\u044e\u0432\u0430\u043b\u044c\u043d\u0443),<br \/>\n\u0430\u043d\u0442\u0438\u0441\u0435\u043f\u0442\u0438\u0447\u043d\u0443 \u0434\u0456\u0457.<\/p>\n","protected":false},"featured_media":22522,"template":"","meta":[],"product_brand":[],"product_cat":[27],"product_tag":[49,52,54,55,53,51],"class_list":{"0":"post-83","1":"product","2":"type-product","3":"status-publish","4":"has-post-thumbnail","6":"product_cat-suppositories","7":"product_tag-49","8":"product_tag-52","9":"product_tag-54","10":"product_tag-55","11":"product_tag-53","12":"product_tag-51","14":"first","15":"instock","16":"shipping-taxable","17":"purchasable","18":"product-type-simple"},"_links":{"self":[{"href":"https:\/\/bio-vita.com.ua\/fr\/wp-json\/wp\/v2\/product\/83","targetHints":{"allow":["GET"]}}],"collection":[{"href":"https:\/\/bio-vita.com.ua\/fr\/wp-json\/wp\/v2\/product"}],"about":[{"href":"https:\/\/bio-vita.com.ua\/fr\/wp-json\/wp\/v2\/types\/product"}],"wp:featuredmedia":[{"embeddable":true,"href":"https:\/\/bio-vita.com.ua\/fr\/wp-json\/wp\/v2\/media\/22522"}],"wp:attachment":[{"href":"https:\/\/bio-vita.com.ua\/fr\/wp-json\/wp\/v2\/media?parent=83"}],"wp:term":[{"taxonomy":"product_brand","embeddable":true,"href":"https:\/\/bio-vita.com.ua\/fr\/wp-json\/wp\/v2\/product_brand?post=83"},{"taxonomy":"product_cat","embeddable":true,"href":"https:\/\/bio-vita.com.ua\/fr\/wp-json\/wp\/v2\/product_cat?post=83"},{"taxonomy":"product_tag","embeddable":true,"href":"https:\/\/bio-vita.com.ua\/fr\/wp-json\/wp\/v2\/product_tag?post=83"}],"curies":[{"name":"wp","href":"https:\/\/api.w.org\/{rel}","templated":true}]}}