{"id":6737,"date":"2019-02-28T19:32:34","date_gmt":"2019-02-28T16:32:34","guid":{"rendered":"http:\/\/bio-vita.com.ua\/?post_type=product&#038;p=6737"},"modified":"2023-12-04T17:39:04","modified_gmt":"2023-12-04T14:39:04","slug":"%d1%81%d1%80%d0%b5%d0%b4%d1%81%d1%82%d0%b2%d0%be-%d1%84%d0%b8%d1%82%d0%be%d1%80%d0%be%d0%b2%d0%be%d0%b5-%d1%81-%d0%ba%d0%b0%d0%bb%d0%b5%d0%bd%d0%b4%d1%83%d0%bb%d0%be%d0%b9-%d0%b2-%d1%84%d0%be%d1%80","status":"publish","type":"product","link":"https:\/\/bio-vita.com.ua\/fr\/product\/%d1%81%d1%80%d0%b5%d0%b4%d1%81%d1%82%d0%b2%d0%be-%d1%84%d0%b8%d1%82%d0%be%d1%80%d0%be%d0%b2%d0%be%d0%b5-%d1%81-%d0%ba%d0%b0%d0%bb%d0%b5%d0%bd%d0%b4%d1%83%d0%bb%d0%be%d0%b9-%d0%b2-%d1%84%d0%be%d1%80\/","title":{"rendered":"Bougies \u00e0 la base de phitor \u00e0 calendula"},"content":{"rendered":"<p>UTILISATION: produit hygi\u00e9nique et pr\u00e9ventif utlils\u00e9 dans le traitement complexe.<br \/>\nEn PROCTOLOGIE: lors des maladies inflammatoires intestinales (h\u00e9morro\u00efde, rectite, colite, fissures anales, sigmo\u00efdites).<br \/>\nEn GYNECOLOGIE: vaginites de l&rsquo;\u00e9tiologie diff\u00e9rente, \u00e9rosions du col de l&rsquo;ut\u00e9rus, annexites, produit de cicatrisation des plaies.<br \/>\nEn UROLOGIE: cystites, prostatites, ur\u00e9trites.<br \/>\nCOMPOSITION: phitorum,<br \/>\nextrait de calendula; excipients: PEG 1500; PEG 6000; lanoline; 1,2-propyl\u00e8ne glycol.<\/p>\n","protected":false},"excerpt":{"rendered":"<p>\u0441\u0440\u0435\u0434\u0441\u0442\u0432\u043e \u043d\u0430 \u043e\u0441\u043d\u043e\u0432\u0435 \u0440\u0430\u0441\u0442\u0438\u0442\u0435\u043b\u044c\u043d\u043e\u0433\u043e \u0441\u044b\u0440\u044c\u044f \u0441 \u043a\u043e\u043c\u043f\u043b\u0435\u043a\u0441\u043d\u044b\u043c \u0434\u0435\u0439\u0441\u0442\u0432\u0438\u0435\u043c, \u043e\u0431\u0443\u0441\u043b\u043e\u0432\u043b\u0435\u043d\u043d\u044b\u043c \u043c\u043d\u043e\u0433\u043e\u0432\u0435\u043a\u0442\u043e\u0440\u043d\u043e\u0439 \u0430\u043a\u0442\u0438\u0432\u043d\u043e\u0441\u0442\u044c\u044e \u0431\u0438\u043e\u043b\u043e\u0433\u0438\u0447\u0435\u0441\u043a\u0438 \u0430\u043a\u0442\u0438\u0432\u043d\u044b\u0445 \u0432\u0435\u0449\u0435\u0441\u0442\u0432, \u043a\u043e\u0442\u043e\u0440\u044b\u0435 \u0432\u0445\u043e\u0434\u044f\u0442 \u0432 \u0441\u043e\u0441\u0442\u0430\u0432 \u0441\u0440\u0435\u0434\u0441\u0442\u0432\u0430 \u0444\u0438\u0442\u043e\u0441\u0432\u0435\u0447\u0435\u0439. \u041f\u0440\u043e\u0442\u0438\u0432\u043e\u0432\u043e\u0441\u043f\u0430\u043b\u0438\u0442\u0435\u043b\u044c\u043d\u043e\u0435, \u0431\u0430\u043a\u0442\u0435\u0440\u0438\u0446\u0438\u0434\u043d\u043e\u0435, \u0430\u043d\u0442\u0438\u044d\u043a\u0441\u0441\u0443\u0434\u0430\u0442\u0438\u0432\u043d\u043e\u0435 (\u043f\u0440\u043e\u0442\u0438\u0432\u043e\u043e\u0442\u0435\u0447\u043d\u043e\u0435), \u0440\u0435\u043f\u0430\u0440\u0430\u0442\u0438\u0432\u043d\u043e\u0435 (\u0440\u0430\u043d\u043e\u0437\u0430\u0436\u0438\u0432\u043b\u044f\u044e\u0449\u0435\u0435), \u0430\u043d\u0442\u0438\u0441\u0435\u043f\u0442\u0438\u0447\u0435\u0441\u043a\u043e\u0435 \u0434\u0435\u0439\u0441\u0442\u0432\u0438\u044f.<\/p>\n","protected":false},"featured_media":22523,"template":"","meta":[],"product_brand":[],"product_cat":[27],"product_tag":[52,54,55,53,51],"class_list":{"0":"post-6737","1":"product","2":"type-product","3":"status-publish","4":"has-post-thumbnail","6":"product_cat-suppositories","7":"product_tag-52","8":"product_tag-54","9":"product_tag-55","10":"product_tag-53","11":"product_tag-51","13":"first","14":"instock","15":"shipping-taxable","16":"purchasable","17":"product-type-simple"},"_links":{"self":[{"href":"https:\/\/bio-vita.com.ua\/fr\/wp-json\/wp\/v2\/product\/6737","targetHints":{"allow":["GET"]}}],"collection":[{"href":"https:\/\/bio-vita.com.ua\/fr\/wp-json\/wp\/v2\/product"}],"about":[{"href":"https:\/\/bio-vita.com.ua\/fr\/wp-json\/wp\/v2\/types\/product"}],"wp:featuredmedia":[{"embeddable":true,"href":"https:\/\/bio-vita.com.ua\/fr\/wp-json\/wp\/v2\/media\/22523"}],"wp:attachment":[{"href":"https:\/\/bio-vita.com.ua\/fr\/wp-json\/wp\/v2\/media?parent=6737"}],"wp:term":[{"taxonomy":"product_brand","embeddable":true,"href":"https:\/\/bio-vita.com.ua\/fr\/wp-json\/wp\/v2\/product_brand?post=6737"},{"taxonomy":"product_cat","embeddable":true,"href":"https:\/\/bio-vita.com.ua\/fr\/wp-json\/wp\/v2\/product_cat?post=6737"},{"taxonomy":"product_tag","embeddable":true,"href":"https:\/\/bio-vita.com.ua\/fr\/wp-json\/wp\/v2\/product_tag?post=6737"}],"curies":[{"name":"wp","href":"https:\/\/api.w.org\/{rel}","templated":true}]}}