{"id":22022,"date":"2021-02-13T18:42:49","date_gmt":"2021-02-13T15:42:49","guid":{"rendered":"https:\/\/bio-vita.com.ua\/en\/?post_type=product&#038;p=22022"},"modified":"2023-12-04T17:37:23","modified_gmt":"2023-12-04T14:37:23","slug":"candles-panthenol-form-candlesticks","status":"publish","type":"product","link":"https:\/\/bio-vita.com.ua\/fr\/product\/candles-panthenol-form-candlesticks\/","title":{"rendered":"Bougies Panthenol phytor"},"content":{"rendered":"<p><strong><em>UTILISATION: produit hygi\u00e9nique et pr\u00e9ventif utlils\u00e9 dans le traitement complexe.<\/em><\/strong><\/p>\n<p>En PROCTOLOGIE: lors des maladies inflammatoires intestinales (h\u00e9morro\u00efde, rectite, colite, fissures anales, sigmo\u00efdites).<\/p>\n<p>En GYNECOLOGIE: vaginites de l&rsquo;\u00e9tiologie diff\u00e9rente, \u00e9rosions du col de l&rsquo;ut\u00e9rus, annexites, produit de cicatrisation des plaies.<\/p>\n<p>En UROLOGIE: cystites, prostatites, ur\u00e9trites.<\/p>\n<p>COMPOSITION: phitorum, panthenol; excipients: PEG 1500; PEG 6000; lanoline; 1,2-propyl\u00e8ne glycol.<\/p>\n","protected":false},"excerpt":{"rendered":"<p>UTILISATION: produit hygi\u00e9nique et pr\u00e9ventif utlils\u00e9 dans le traitement complexe. En PROCTOLOGIE: lors des maladies inflammatoires intestinales (h\u00e9morro\u00efde, rectite, colite, fissures anales, sigmo\u00efdites). En GYNECOLOGIE: vaginites de l&rsquo;\u00e9tiologie diff\u00e9rente, \u00e9rosions du col de l&rsquo;ut\u00e9rus, annexites, produit de cicatrisation des plaies. En UROLOGIE: cystites, prostatites, ur\u00e9trites. COMPOSITION: phitorum, panthenol; excipients: PEG 1500; PEG 6000; lanoline; 1,2-propyl\u00e8ne&#8230;<\/p>\n","protected":false},"featured_media":22526,"template":"","meta":[],"product_brand":[],"product_cat":[27],"product_tag":[49,52,54,55,53,51],"class_list":{"0":"post-22022","1":"product","2":"type-product","3":"status-publish","4":"has-post-thumbnail","6":"product_cat-suppositories","7":"product_tag-49","8":"product_tag-52","9":"product_tag-54","10":"product_tag-55","11":"product_tag-53","12":"product_tag-51","14":"first","15":"instock","16":"shipping-taxable","17":"purchasable","18":"product-type-simple"},"_links":{"self":[{"href":"https:\/\/bio-vita.com.ua\/fr\/wp-json\/wp\/v2\/product\/22022","targetHints":{"allow":["GET"]}}],"collection":[{"href":"https:\/\/bio-vita.com.ua\/fr\/wp-json\/wp\/v2\/product"}],"about":[{"href":"https:\/\/bio-vita.com.ua\/fr\/wp-json\/wp\/v2\/types\/product"}],"wp:featuredmedia":[{"embeddable":true,"href":"https:\/\/bio-vita.com.ua\/fr\/wp-json\/wp\/v2\/media\/22526"}],"wp:attachment":[{"href":"https:\/\/bio-vita.com.ua\/fr\/wp-json\/wp\/v2\/media?parent=22022"}],"wp:term":[{"taxonomy":"product_brand","embeddable":true,"href":"https:\/\/bio-vita.com.ua\/fr\/wp-json\/wp\/v2\/product_brand?post=22022"},{"taxonomy":"product_cat","embeddable":true,"href":"https:\/\/bio-vita.com.ua\/fr\/wp-json\/wp\/v2\/product_cat?post=22022"},{"taxonomy":"product_tag","embeddable":true,"href":"https:\/\/bio-vita.com.ua\/fr\/wp-json\/wp\/v2\/product_tag?post=22022"}],"curies":[{"name":"wp","href":"https:\/\/api.w.org\/{rel}","templated":true}]}}