{"id":8,"date":"2013-05-31T08:44:43","date_gmt":"2013-05-31T08:44:43","guid":{"rendered":"http:\/\/impreza.us-themes.net\/"},"modified":"2024-02-27T18:55:37","modified_gmt":"2024-02-27T15:55:37","slug":"%d0%b3%d0%bb%d0%b0%d0%b2%d0%bd%d0%b0%d1%8f","status":"publish","type":"page","link":"https:\/\/bio-vita.com.ua\/fr\/","title":{"rendered":"Accueil"},"content":{"rendered":"<section class=\"l-section wpb_row height_medium\"><div class=\"l-section-h i-cf\"><div class=\"g-cols vc_row via_flex valign_top type_default stacking_default\"><div class=\"vc_col-sm-12 wpb_column vc_column_container\"><div class=\"vc_column-inner\"><div class=\"wpb_wrapper\"><div class=\"w-separator size_large\"><\/div><div class=\"wpb_text_column\"><div class=\"wpb_wrapper\"><h1 style=\"text-align: center;\">\u00abBIO-VITA\u00bb<\/h1>\n<\/div><\/div><div class=\"wpb_text_column\"><div class=\"wpb_wrapper\"><h2 style=\"text-align: center;\">est une modernit\u00e9 qui se projette avec confiance dans l&rsquo;avenir<\/h2>\n<\/div><\/div><div class=\"w-separator size_large\"><\/div><div class=\"g-cols wpb_row via_flex valign_top type_default stacking_default\"><div class=\"vc_col-sm-6 wpb_column vc_column_container\"><div class=\"vc_column-inner\"><div class=\"wpb_wrapper\"><div class=\"w-image align_none\"><a ref=\"magnificPopup\" href=\"https:\/\/bio-vita.com.ua\/wp-content\/uploads\/2024\/02\/0.jpg\" aria-label=\"\" class=\"w-image-h\"><img loading=\"lazy\" decoding=\"async\" width=\"500\" height=\"500\" src=\"https:\/\/bio-vita.com.ua\/wp-content\/uploads\/2024\/02\/0.jpg\" class=\"attachment-medium size-medium\" alt=\"\" srcset=\"https:\/\/bio-vita.com.ua\/wp-content\/uploads\/2024\/02\/0.jpg 500w, https:\/\/bio-vita.com.ua\/wp-content\/uploads\/2024\/02\/0-150x150.jpg 150w, https:\/\/bio-vita.com.ua\/wp-content\/uploads\/2024\/02\/0-350x350.jpg 350w, https:\/\/bio-vita.com.ua\/wp-content\/uploads\/2024\/02\/0-200x200.jpg 200w, https:\/\/bio-vita.com.ua\/wp-content\/uploads\/2024\/02\/0-300x300.jpg 300w\" sizes=\"auto, (max-width: 500px) 100vw, 500px\" \/><\/a><\/div><\/div><\/div><\/div><div class=\"vc_col-sm-6 wpb_column vc_column_container\"><div class=\"vc_column-inner\"><div class=\"wpb_wrapper\"><div class=\"w-separator size_medium\"><\/div><div class=\"w-separator size_medium\"><\/div><div class=\"wpb_text_column\"><div class=\"wpb_wrapper\"><p><strong>FITOR<\/strong> est un complexe naturel biologiquement actif fabriqu\u00e9 \u00e0 partir de feuilles de ch\u00eane qui poussent dans des endroits \u00e9cologiquement propres.<br \/>\n\u2800<br \/>\nGr\u00e2ce \u00e0 une technologie de production particuli\u00e8re, son efficacit\u00e9 est sup\u00e9rieure aux substances cr\u00e9\u00e9es \u00e0 partir de la m\u00eame plante selon des recettes anciennes (extraits alcooliques ou huileux, d\u00e9coctions et teintures, poudres).<br \/>\n\u2800<br \/>\n<strong>FITOR<\/strong> est un m\u00e9lange d&rsquo;enzymes d&rsquo;origine v\u00e9g\u00e9tale, contient des flavono\u00efdes, des polysaccharides, des saponines, des tanins, des compos\u00e9s ph\u00e9noliques, du b\u00eata-carot\u00e8ne, de l&rsquo;acide ascorbique et des vitamines B1, B2, B6, PP, des pectines, des monosaccharides, des huiles, environ 32 micro- et macro-\u00e9l\u00e9ments.<\/p>\n<\/div><\/div><\/div><\/div><\/div><\/div><div class=\"w-separator size_medium with_line width_default thick_1 style_solid color_border align_center\"><div class=\"w-separator-h\"><\/div><\/div><div class=\"g-cols wpb_row via_flex valign_top type_default stacking_default\"><div class=\"vc_col-sm-4 wpb_column vc_column_container\"><div class=\"vc_column-inner\"><div class=\"wpb_wrapper\"><div class=\"w-image align_none\"><a ref=\"magnificPopup\" href=\"https:\/\/bio-vita.com.ua\/wp-content\/uploads\/2024\/02\/3.jpg\" aria-label=\"\" class=\"w-image-h\"><img loading=\"lazy\" decoding=\"async\" width=\"300\" height=\"300\" src=\"https:\/\/bio-vita.com.ua\/wp-content\/uploads\/2024\/02\/3-300x300.jpg\" class=\"attachment-us_300_0 size-us_300_0\" alt=\"\" srcset=\"https:\/\/bio-vita.com.ua\/wp-content\/uploads\/2024\/02\/3-300x300.jpg 300w, https:\/\/bio-vita.com.ua\/wp-content\/uploads\/2024\/02\/3-150x150.jpg 150w, https:\/\/bio-vita.com.ua\/wp-content\/uploads\/2024\/02\/3-350x350.jpg 350w, https:\/\/bio-vita.com.ua\/wp-content\/uploads\/2024\/02\/3-200x200.jpg 200w, https:\/\/bio-vita.com.ua\/wp-content\/uploads\/2024\/02\/3.jpg 500w\" sizes=\"auto, (max-width: 300px) 100vw, 300px\" \/><\/a><\/div><div class=\"wpb_text_column\"><div class=\"wpb_wrapper\"><h3>Produit \u00e0 base de phyto-bougies<\/h3>\n<p>Produit \u00e0 base de mati\u00e8res v\u00e9g\u00e9tales ayant un effet complexe d\u00fb \u00e0 l&rsquo;activit\u00e9 multidirectionnelle des substances biologiquement actives contenues dans le produit (bougies v\u00e9g\u00e9tales).<br \/>\nIl s&rsquo;agit du composant de base, les bougies v\u00e9g\u00e9tales pouvant contenir d&rsquo;autres composants v\u00e9g\u00e9taux qui permettent la lib\u00e9ration la plus rapide et la plus compl\u00e8te des substances biologiquement actives.<\/p>\n<\/div><\/div><div class=\"w-separator size_small\"><\/div><\/div><\/div><\/div><div class=\"vc_col-sm-4 wpb_column vc_column_container\"><div class=\"vc_column-inner\"><div class=\"wpb_wrapper\"><div class=\"w-image align_none\"><a ref=\"magnificPopup\" href=\"https:\/\/bio-vita.com.ua\/wp-content\/uploads\/2024\/02\/2.jpg\" aria-label=\"\" class=\"w-image-h\"><img loading=\"lazy\" decoding=\"async\" width=\"300\" height=\"300\" src=\"https:\/\/bio-vita.com.ua\/wp-content\/uploads\/2024\/02\/2-300x300.jpg\" class=\"attachment-us_300_0 size-us_300_0\" alt=\"\" srcset=\"https:\/\/bio-vita.com.ua\/wp-content\/uploads\/2024\/02\/2-300x300.jpg 300w, https:\/\/bio-vita.com.ua\/wp-content\/uploads\/2024\/02\/2-150x150.jpg 150w, https:\/\/bio-vita.com.ua\/wp-content\/uploads\/2024\/02\/2-350x350.jpg 350w, https:\/\/bio-vita.com.ua\/wp-content\/uploads\/2024\/02\/2-200x200.jpg 200w, https:\/\/bio-vita.com.ua\/wp-content\/uploads\/2024\/02\/2.jpg 500w\" sizes=\"auto, (max-width: 300px) 100vw, 300px\" \/><\/a><\/div><div class=\"wpb_text_column\"><div class=\"wpb_wrapper\"><h3>Produit phyto-bougie \u00e0 la camomille<\/h3>\n<p>Produit \u00e0 base de mati\u00e8res v\u00e9g\u00e9tales ayant un effet complexe d\u00fb \u00e0 l&rsquo;activit\u00e9 multi-vectorielle des substances biologiquement actives contenues dans le produit (phytobulles).<br \/>\nIl a des effets anti-inflammatoires, immunomodulateurs, anti-exsudatifs (anti-oed\u00e9mateux), r\u00e9parateurs (cicatrisation), antiseptiques.<\/p>\n<\/div><\/div><div class=\"w-separator size_small\"><\/div><\/div><\/div><\/div><div class=\"vc_col-sm-4 wpb_column vc_column_container\"><div class=\"vc_column-inner\"><div class=\"wpb_wrapper\"><div class=\"w-image align_center\"><a ref=\"magnificPopup\" href=\"https:\/\/bio-vita.com.ua\/wp-content\/uploads\/2024\/02\/1.jpg\" aria-label=\"\" class=\"w-image-h\"><img loading=\"lazy\" decoding=\"async\" width=\"300\" height=\"300\" src=\"https:\/\/bio-vita.com.ua\/wp-content\/uploads\/2024\/02\/1-300x300.jpg\" class=\"attachment-us_300_0 size-us_300_0\" alt=\"\" srcset=\"https:\/\/bio-vita.com.ua\/wp-content\/uploads\/2024\/02\/1-300x300.jpg 300w, https:\/\/bio-vita.com.ua\/wp-content\/uploads\/2024\/02\/1-150x150.jpg 150w, https:\/\/bio-vita.com.ua\/wp-content\/uploads\/2024\/02\/1-350x350.jpg 350w, https:\/\/bio-vita.com.ua\/wp-content\/uploads\/2024\/02\/1-200x200.jpg 200w, https:\/\/bio-vita.com.ua\/wp-content\/uploads\/2024\/02\/1.jpg 500w\" sizes=\"auto, (max-width: 300px) 100vw, 300px\" \/><\/a><\/div><div class=\"wpb_text_column\"><div class=\"wpb_wrapper\"><h3>Phyto-bougie \u00e0 l&rsquo;eucalyptus<\/h3>\n<p>Produit \u00e0 base de mati\u00e8res v\u00e9g\u00e9tales ayant un effet complexe d\u00fb \u00e0 l&rsquo;activit\u00e9 multidirectionnelle des substances biologiquement actives contenues dans le produit (phytobandles).<br \/>\nIl a des effets anti-inflammatoires, immunomodulateurs, anti-exsudatifs (anti-oed\u00e9mateux), r\u00e9parateurs (cicatrisation), antiseptiques.<\/p>\n<\/div><\/div><div class=\"w-separator size_small\"><\/div><\/div><\/div><\/div><div class=\"vc_col-sm-12 wpb_column vc_column_container\"><div class=\"vc_column-inner\"><div class=\"wpb_wrapper\"><div class=\"w-btn-wrapper align_center\"><a class=\"w-btn us-btn-style_1\" href=\"https:\/\/bio-vita.com.ua\/fr\/products\/\"><span class=\"w-btn-label\">Tous les produits<\/span><\/a><\/div><\/div><\/div><\/div><\/div><\/div><\/div><\/div><\/div><\/div><\/section><section class=\"l-section wpb_row height_auto width_full\"><div class=\"l-section-h i-cf\"><div class=\"g-cols vc_row via_flex valign_top type_default stacking_default\"><div class=\"vc_col-sm-12 wpb_column vc_column_container\"><div class=\"vc_column-inner\"><div class=\"wpb_wrapper\"><div class=\"w-slider style_none fit_scaledown\"><div class=\"w-slider-h\"><div class=\"royalSlider\"><div class=\"rsContent\"><a class=\"rsImg\" data-rsw=\"1920\" data-rsh=\"700\" href=\"https:\/\/bio-vita.com.ua\/wp-content\/uploads\/2024\/02\/slider13.jpg\"><span data-alt=\"\"><\/span><\/a><\/div><div class=\"rsContent\"><a class=\"rsImg\" data-rsw=\"1920\" data-rsh=\"700\" href=\"https:\/\/bio-vita.com.ua\/wp-content\/uploads\/2024\/02\/slider11.jpg\"><span data-alt=\"\"><\/span><\/a><\/div><div class=\"rsContent\"><a class=\"rsImg\" data-rsw=\"1920\" data-rsh=\"700\" href=\"https:\/\/bio-vita.com.ua\/wp-content\/uploads\/2024\/02\/slider12-1.jpg\"><span data-alt=\"\"><\/span><\/a><\/div><\/div><img decoding=\"async\" src=\"https:\/\/bio-vita.com.ua\/wp-content\/uploads\/2024\/02\/slider13.jpg\" width=\"1920\" height=\"700\" alt loading=\"lazy\"><\/div><div class=\"w-slider-json\" onclick='return {&quot;autoScaleSlider&quot;:true,&quot;loop&quot;:true,&quot;fadeInLoadedSlide&quot;:false,&quot;slidesSpacing&quot;:0,&quot;imageScalePadding&quot;:0,&quot;numImagesToPreload&quot;:2,&quot;arrowsNav&quot;:true,&quot;arrowsNavAutoHide&quot;:false,&quot;transitionType&quot;:&quot;move&quot;,&quot;transitionSpeed&quot;:250,&quot;block&quot;:{&quot;moveEffect&quot;:&quot;none&quot;,&quot;speed&quot;:300},&quot;thumbs&quot;:{&quot;fitInViewport&quot;:false},&quot;controlNavigation&quot;:&quot;none&quot;,&quot;imageScaleMode&quot;:&quot;fit-if-smaller&quot;,&quot;autoScaleSliderWidth&quot;:1920,&quot;autoScaleSliderHeight&quot;:700}'><\/div><\/div><div class=\"w-separator size_medium\"><\/div><\/div><\/div><\/div><\/div><\/div><\/section><section class=\"l-section wpb_row height_small\"><div class=\"l-section-h i-cf\"><div class=\"g-cols vc_row via_flex valign_top type_default stacking_default\"><div class=\"vc_col-sm-12 wpb_column vc_column_container\"><div class=\"vc_column-inner\"><div class=\"wpb_wrapper\"><div class=\"wpb_text_column\"><div class=\"wpb_wrapper\"><h2 style=\"text-align: center;\">Compl\u00e9ments biologiquement actifs FITOR<\/h2>\n<\/div><\/div><div class=\"w-separator size_medium with_line width_default thick_1 style_solid color_border align_center\"><div class=\"w-separator-h\"><\/div><\/div><div class=\"g-cols wpb_row via_flex valign_top type_default stacking_default\"><div class=\"vc_col-sm-6 wpb_column vc_column_container\"><div class=\"vc_column-inner\"><div class=\"wpb_wrapper\"><div class=\"wpb_text_column\"><div class=\"wpb_wrapper\"><p>Nombreux sont ceux qui connaissent les effets curatifs du ch\u00eane sur notre sant\u00e9. Il suffit de rester un peu \u00e0 c\u00f4t\u00e9 d&rsquo;un arbre puissant, de le toucher &#8211; on se recharge en \u00e9nergie vitale et tous les maux disparaissent.<br \/>\n\u2800<br \/>\nFITOR est un complexe naturel biologiquement actif fabriqu\u00e9 \u00e0 partir de feuilles de ch\u00eane qui poussent dans des endroits \u00e9cologiquement propres.<br \/>\n\u2800<br \/>\nGr\u00e2ce \u00e0 une technologie de production sp\u00e9ciale, son efficacit\u00e9 est sup\u00e9rieure aux substances cr\u00e9\u00e9es \u00e0 partir de la m\u00eame plante selon des recettes anciennes (extraits d&rsquo;alcool ou d&rsquo;huile, d\u00e9coctions et teintures, poudres).<\/p>\n<\/div><\/div><\/div><\/div><\/div><div class=\"vc_col-sm-6 wpb_column vc_column_container\"><div class=\"vc_column-inner\"><div class=\"wpb_wrapper\"><div class=\"w-image align_center\"><a ref=\"magnificPopup\" href=\"https:\/\/bio-vita.com.ua\/wp-content\/uploads\/2024\/02\/4.jpg\" aria-label=\"\" class=\"w-image-h\"><img loading=\"lazy\" decoding=\"async\" width=\"300\" height=\"300\" src=\"https:\/\/bio-vita.com.ua\/wp-content\/uploads\/2024\/02\/4-300x300.jpg\" class=\"attachment-us_300_0 size-us_300_0\" alt=\"\" srcset=\"https:\/\/bio-vita.com.ua\/wp-content\/uploads\/2024\/02\/4-300x300.jpg 300w, https:\/\/bio-vita.com.ua\/wp-content\/uploads\/2024\/02\/4-150x150.jpg 150w, https:\/\/bio-vita.com.ua\/wp-content\/uploads\/2024\/02\/4-350x350.jpg 350w, https:\/\/bio-vita.com.ua\/wp-content\/uploads\/2024\/02\/4-200x200.jpg 200w, https:\/\/bio-vita.com.ua\/wp-content\/uploads\/2024\/02\/4.jpg 500w\" sizes=\"auto, (max-width: 300px) 100vw, 300px\" \/><\/a><\/div><\/div><\/div><\/div><\/div><div class=\"g-cols wpb_row via_flex valign_top type_default stacking_default\"><div class=\"vc_col-sm-6 wpb_column vc_column_container\"><div class=\"vc_column-inner\"><div class=\"wpb_wrapper\"><div class=\"w-image align_center\"><a ref=\"magnificPopup\" href=\"https:\/\/bio-vita.com.ua\/wp-content\/uploads\/2024\/02\/149258154_210911820761893_6801289439315611506_n-1.jpg\" aria-label=\"\" class=\"w-image-h\"><img loading=\"lazy\" decoding=\"async\" width=\"300\" height=\"300\" src=\"https:\/\/bio-vita.com.ua\/wp-content\/uploads\/2024\/02\/149258154_210911820761893_6801289439315611506_n-1-300x300.jpg\" class=\"attachment-us_300_0 size-us_300_0\" alt=\"\" srcset=\"https:\/\/bio-vita.com.ua\/wp-content\/uploads\/2024\/02\/149258154_210911820761893_6801289439315611506_n-1-300x300.jpg 300w, https:\/\/bio-vita.com.ua\/wp-content\/uploads\/2024\/02\/149258154_210911820761893_6801289439315611506_n-1-500x500.jpg 500w, https:\/\/bio-vita.com.ua\/wp-content\/uploads\/2024\/02\/149258154_210911820761893_6801289439315611506_n-1-1024x1024.jpg 1024w, https:\/\/bio-vita.com.ua\/wp-content\/uploads\/2024\/02\/149258154_210911820761893_6801289439315611506_n-1-150x150.jpg 150w, https:\/\/bio-vita.com.ua\/wp-content\/uploads\/2024\/02\/149258154_210911820761893_6801289439315611506_n-1-350x350.jpg 350w, https:\/\/bio-vita.com.ua\/wp-content\/uploads\/2024\/02\/149258154_210911820761893_6801289439315611506_n-1-600x600.jpg 600w, https:\/\/bio-vita.com.ua\/wp-content\/uploads\/2024\/02\/149258154_210911820761893_6801289439315611506_n-1-200x200.jpg 200w, https:\/\/bio-vita.com.ua\/wp-content\/uploads\/2024\/02\/149258154_210911820761893_6801289439315611506_n-1-800x800.jpg 800w, https:\/\/bio-vita.com.ua\/wp-content\/uploads\/2024\/02\/149258154_210911820761893_6801289439315611506_n-1.jpg 1080w\" sizes=\"auto, (max-width: 300px) 100vw, 300px\" \/><\/a><\/div><\/div><\/div><\/div><div class=\"vc_col-sm-6 wpb_column vc_column_container\"><div class=\"vc_column-inner\"><div class=\"wpb_wrapper\"><div class=\"wpb_text_column\"><div class=\"wpb_wrapper\"><p><strong>FITOR<\/strong> est un m\u00e9lange d&rsquo;enzymes d&rsquo;origine v\u00e9g\u00e9tale, contient des flavono\u00efdes, des polysaccharides, des saponines, des tanins, des compos\u00e9s ph\u00e9noliques, du b\u00eata-carot\u00e8ne, de l&rsquo;acide ascorbique et des vitamines B1, B2, B6, PP, des pectines, des monosaccharides, des huiles, environ 32 micro- et macro-\u00e9l\u00e9ments.<br \/>\n\u2800<br \/>\n(dont le cuivre, le zinc, le mangan\u00e8se, le fer, le nickel, le cobalt, le chrome, le vanadium, le titane, l&rsquo;argent) et des nutriments (glucose, fructose, acides amin\u00e9s libres, peptides simples, acides organiques).<br \/>\n\u2800<br \/>\nGr\u00e2ce \u00e0 cette riche composition, FITOR a un grand effet hygi\u00e9nique et pr\u00e9ventif : propri\u00e9t\u00e9s biostimulantes, immunomodulatrices, bact\u00e9ricides, anti-inflammatoires et antioxydantes.<\/p>\n<\/div><\/div><\/div><\/div><\/div><\/div><div class=\"w-separator size_medium\"><\/div><\/div><\/div><\/div><\/div><\/div><\/section>\n","protected":false},"excerpt":{"rendered":"\u00abBIO-VITA\u00bb est une modernit\u00e9 qui se projette avec confiance dans l&rsquo;avenir FITOR est un complexe naturel biologiquement actif fabriqu\u00e9 \u00e0 partir de feuilles de ch\u00eane qui poussent dans des endroits \u00e9cologiquement propres. \u2800 Gr\u00e2ce \u00e0 une technologie de production particuli\u00e8re, son efficacit\u00e9 est sup\u00e9rieure aux substances cr\u00e9\u00e9es \u00e0 partir de la m\u00eame plante selon des...","protected":false},"author":1,"featured_media":0,"parent":0,"menu_order":0,"comment_status":"closed","ping_status":"closed","template":"","meta":{"footnotes":""},"class_list":["post-8","page","type-page","status-publish","hentry"],"_links":{"self":[{"href":"https:\/\/bio-vita.com.ua\/fr\/wp-json\/wp\/v2\/pages\/8","targetHints":{"allow":["GET"]}}],"collection":[{"href":"https:\/\/bio-vita.com.ua\/fr\/wp-json\/wp\/v2\/pages"}],"about":[{"href":"https:\/\/bio-vita.com.ua\/fr\/wp-json\/wp\/v2\/types\/page"}],"author":[{"embeddable":true,"href":"https:\/\/bio-vita.com.ua\/fr\/wp-json\/wp\/v2\/users\/1"}],"replies":[{"embeddable":true,"href":"https:\/\/bio-vita.com.ua\/fr\/wp-json\/wp\/v2\/comments?post=8"}],"version-history":[{"count":33,"href":"https:\/\/bio-vita.com.ua\/fr\/wp-json\/wp\/v2\/pages\/8\/revisions"}],"predecessor-version":[{"id":22907,"href":"https:\/\/bio-vita.com.ua\/fr\/wp-json\/wp\/v2\/pages\/8\/revisions\/22907"}],"wp:attachment":[{"href":"https:\/\/bio-vita.com.ua\/fr\/wp-json\/wp\/v2\/media?parent=8"}],"curies":[{"name":"wp","href":"https:\/\/api.w.org\/{rel}","templated":true}]}}